{"id":48,"date":"2023-03-02T20:10:30","date_gmt":"2023-03-02T20:10:30","guid":{"rendered":"https:\/\/tischlerei-weissleder.de\/?page_id=48"},"modified":"2023-04-30T19:46:04","modified_gmt":"2023-04-30T18:46:04","slug":"ueber-uns","status":"publish","type":"page","link":"https:\/\/tischlerei-weissleder.de\/index.php\/ueber-uns\/","title":{"rendered":"Unternehmen"},"content":{"rendered":"\t\t<div data-elementor-type=\"wp-page\" data-elementor-id=\"48\" class=\"elementor elementor-48\">\n\t\t\t\t\t\t<section class=\"elementor-section elementor-top-section elementor-element elementor-element-2e9e12a elementor-section-boxed elementor-section-height-default elementor-section-height-default\" data-id=\"2e9e12a\" data-element_type=\"section\" data-e-type=\"section\">\n\t\t\t\t\t\t<div class=\"elementor-container elementor-column-gap-default\">\n\t\t\t\t\t<div class=\"elementor-column elementor-col-100 elementor-top-column elementor-element elementor-element-e2eb6c9\" data-id=\"e2eb6c9\" data-element_type=\"column\" data-e-type=\"column\">\n\t\t\t<div class=\"elementor-widget-wrap elementor-element-populated\">\n\t\t\t\t\t\t<div class=\"elementor-element elementor-element-00218be elementor-widget elementor-widget-text-editor\" data-id=\"00218be\" data-element_type=\"widget\" data-e-type=\"widget\" data-widget_type=\"text-editor.default\">\n\t\t\t\t<div class=\"elementor-widget-container\">\n\t\t\t\t\t\t\t\t\t<p>Die Tischlerei Wei\u00dfleder GmbH ist ein Unternehmen, das sich auf die Herstellung von hochwertigen M\u00f6beln und Innenausstattungen spezialisiert hat. Das Unternehmen wurde vor vielen Jahren von Herrn Wei\u00dfleder gegr\u00fcndet. Seitdem sind wir stolz darauf, unseren Kunden individuelle L\u00f6sungen und exzellente Qualit\u00e4t bieten zu k\u00f6nnen.<\/p><p>Wir bieten eine breite Palette an Produkten an, darunter K\u00fcchen, Regale oder Tische, spezieller Innenausstattung f\u00fcr beispielsweise Kinderg\u00e4rten, Kliniken oder Krankenh\u00e4user. Aber auch individuelle Anfertigungen sind bei uns kein Problem &#8211; wir arbeiten eng mit unseren Kunden zusammen, um das perfekte Design zu entwickeln und eine Umsetzung zu planen, die ihren W\u00fcnschen und Anforderungen entspricht.<\/p><p>Wir sind stolz darauf, unseren Kunden ma\u00dfgeschneiderte L\u00f6sungen und eine hohe Qualit\u00e4t bieten zu k\u00f6nnen. Wenn Sie auf der Suche nach langlebigen M\u00f6beln und Innenausstattungen sind, die perfekt auf Ihre Bed\u00fcrfnisse zugeschnitten sind, dann sind Sie bei uns genau richtig. Wir freuen uns darauf, Ihnen helfen zu k\u00f6nnen!<\/p>\t\t\t\t\t\t\t\t<\/div>\n\t\t\t\t<\/div>\n\t\t\t\t\t<\/div>\n\t\t<\/div>\n\t\t\t\t\t<\/div>\n\t\t<\/section>\n\t\t\t\t<\/div>\n\t\t","protected":false},"excerpt":{"rendered":"<p>Die Tischlerei Wei\u00dfleder GmbH ist ein Unternehmen, das sich auf die Herstellung von hochwertigen M\u00f6beln und Innenausstattungen spezialisiert hat. Das Unternehmen wurde vor vielen Jahren von Herrn Wei\u00dfleder gegr\u00fcndet. Seitdem sind wir stolz darauf, unseren Kunden individuelle L\u00f6sungen und exzellente Qualit\u00e4t bieten zu k\u00f6nnen. Wir bieten eine breite Palette an Produkten an, darunter K\u00fcchen, Regale&hellip;&nbsp;<a href=\"https:\/\/tischlerei-weissleder.de\/index.php\/ueber-uns\/\" class=\"\" rel=\"bookmark\">Weiterlesen &raquo;<span class=\"screen-reader-text\">Unternehmen<\/span><\/a><\/p>\n","protected":false},"author":1,"featured_media":0,"parent":0,"menu_order":0,"comment_status":"closed","ping_status":"closed","template":"","meta":{"neve_meta_sidebar":"","neve_meta_container":"","neve_meta_enable_content_width":"","neve_meta_content_width":0,"neve_meta_title_alignment":"","neve_meta_author_avatar":"","neve_post_elements_order":"","neve_meta_disable_header":"","neve_meta_disable_footer":"","neve_meta_disable_title":"","footnotes":""},"class_list":["post-48","page","type-page","status-publish","hentry"],"_links":{"self":[{"href":"https:\/\/tischlerei-weissleder.de\/index.php\/wp-json\/wp\/v2\/pages\/48","targetHints":{"allow":["GET"]}}],"collection":[{"href":"https:\/\/tischlerei-weissleder.de\/index.php\/wp-json\/wp\/v2\/pages"}],"about":[{"href":"https:\/\/tischlerei-weissleder.de\/index.php\/wp-json\/wp\/v2\/types\/page"}],"author":[{"embeddable":true,"href":"https:\/\/tischlerei-weissleder.de\/index.php\/wp-json\/wp\/v2\/users\/1"}],"replies":[{"embeddable":true,"href":"https:\/\/tischlerei-weissleder.de\/index.php\/wp-json\/wp\/v2\/comments?post=48"}],"version-history":[{"count":16,"href":"https:\/\/tischlerei-weissleder.de\/index.php\/wp-json\/wp\/v2\/pages\/48\/revisions"}],"predecessor-version":[{"id":487,"href":"https:\/\/tischlerei-weissleder.de\/index.php\/wp-json\/wp\/v2\/pages\/48\/revisions\/487"}],"wp:attachment":[{"href":"https:\/\/tischlerei-weissleder.de\/index.php\/wp-json\/wp\/v2\/media?parent=48"}],"curies":[{"name":"wp","href":"https:\/\/api.w.org\/{rel}","templated":true}]}}