{"id":120,"date":"2023-03-05T10:18:35","date_gmt":"2023-03-05T09:18:35","guid":{"rendered":"https:\/\/tischlerei-weissleder.de\/?page_id=120"},"modified":"2023-04-28T08:51:41","modified_gmt":"2023-04-28T07:51:41","slug":"kontakt","status":"publish","type":"page","link":"https:\/\/tischlerei-weissleder.de\/index.php\/kontakt\/","title":{"rendered":"Kontakt"},"content":{"rendered":"\t\t<div data-elementor-type=\"wp-page\" data-elementor-id=\"120\" class=\"elementor elementor-120\">\n\t\t\t\t\t\t<section class=\"elementor-section elementor-top-section elementor-element elementor-element-3f955cae elementor-section-boxed elementor-section-height-default elementor-section-height-default\" data-id=\"3f955cae\" data-element_type=\"section\" data-e-type=\"section\">\n\t\t\t\t\t\t<div class=\"elementor-container elementor-column-gap-default\">\n\t\t\t\t\t<div class=\"elementor-column elementor-col-100 elementor-top-column elementor-element elementor-element-541fb114\" data-id=\"541fb114\" data-element_type=\"column\" data-e-type=\"column\">\n\t\t\t<div class=\"elementor-widget-wrap elementor-element-populated\">\n\t\t\t\t\t\t<div class=\"elementor-element elementor-element-124d63e6 elementor-widget elementor-widget-text-editor\" data-id=\"124d63e6\" data-element_type=\"widget\" data-e-type=\"widget\" data-widget_type=\"text-editor.default\">\n\t\t\t\t<div class=\"elementor-widget-container\">\n\t\t\t\t\t\t\t\t\t<p><\/p>\n<div class=\"is-layout-flex wp-container-core-columns-is-layout-9d6595d7 wp-block-columns-is-layout-flex\">\n<p><\/p>\n<div class=\"is-layout-flow wp-block-column-is-layout-flow\">\n<p><\/p>\n<div class=\"is-nowrap is-layout-flex wp-container-core-group-is-layout-ad2f72ca wp-block-group-is-layout-flex\">\n<p><\/p>\n<p>Sie k\u00f6nnen die Tischlerei Wei\u00dfleder GmbH auf verschiedenen Wegen kontaktieren. Gerne stehen wir Ihnen f\u00fcr Fragen zur Verf\u00fcgung.<\/p>\n<p>Tischlerei Wei\u00dfleder GmbH<br \/>Lange \u00c4cker 1<br \/>98694 Ilmenau<\/p>\n<p>Tel.:\u00a0<a style=\"--linkdeco: underline;\" href=\"tel:+493678314300\">+49 36783 14300<\/a><br \/>Fax:\u00a0<a style=\"--linkdeco: underline;\" href=\"http:\/\/fax:%20+49%2036783%20143049\/\">+49 36783 143049<\/a><br \/>Mail:\u00a0<a style=\"--linkdeco: underline; font-family: var( --e-global-typography-text-font-family ), Sans-serif; font-weight: var( --e-global-typography-text-font-weight ); background-color: var(--nv-site-bg); font-size: var(--bodyfontsize); letter-spacing: var(--bodyletterspacing); text-transform: var(--bodytexttransform);\" href=\"mailto:kontakt@tischlerei-weissleder.de\" target=\"_new\">kontakt@tischlerei-weissleder.de<\/a><\/p>\n<p>Gesch\u00e4ftszeiten:\u00a0<\/p>\n<p>Montag &#8211; Donnerstag<br \/>7.00 &#8211; 16.30 Uhr<\/p>\n<p>Freitag<br \/>7.00 &#8211; 14:00 Uhr<\/p>\n<\/div>\n<div>\n<p><\/p>\n<\/div>\n<p><\/p>\n<\/div>\n<p><\/p>\n<\/div>\n<p><\/p>\t\t\t\t\t\t\t\t<\/div>\n\t\t\t\t<\/div>\n\t\t\t\t\t<\/div>\n\t\t<\/div>\n\t\t\t\t\t<\/div>\n\t\t<\/section>\n\t\t\t\t<\/div>\n\t\t","protected":false},"excerpt":{"rendered":"<p>Sie k\u00f6nnen die Tischlerei Wei\u00dfleder GmbH auf verschiedenen Wegen kontaktieren. Gerne stehen wir Ihnen f\u00fcr Fragen zur Verf\u00fcgung. Tischlerei Wei\u00dfleder GmbHLange \u00c4cker 198694 Ilmenau Tel.:\u00a0+49 36783 14300Fax:\u00a0+49 36783 143049Mail:\u00a0kontakt@tischlerei-weissleder.de Gesch\u00e4ftszeiten:\u00a0 Montag &#8211; Donnerstag7.00 &#8211; 16.30 Uhr Freitag7.00 &#8211; 14:00 Uhr<\/p>\n","protected":false},"author":1,"featured_media":0,"parent":0,"menu_order":0,"comment_status":"closed","ping_status":"closed","template":"","meta":{"neve_meta_sidebar":"","neve_meta_container":"","neve_meta_enable_content_width":"","neve_meta_content_width":0,"neve_meta_title_alignment":"","neve_meta_author_avatar":"","neve_post_elements_order":"","neve_meta_disable_header":"","neve_meta_disable_footer":"","neve_meta_disable_title":"","footnotes":""},"class_list":["post-120","page","type-page","status-publish","hentry"],"_links":{"self":[{"href":"https:\/\/tischlerei-weissleder.de\/index.php\/wp-json\/wp\/v2\/pages\/120","targetHints":{"allow":["GET"]}}],"collection":[{"href":"https:\/\/tischlerei-weissleder.de\/index.php\/wp-json\/wp\/v2\/pages"}],"about":[{"href":"https:\/\/tischlerei-weissleder.de\/index.php\/wp-json\/wp\/v2\/types\/page"}],"author":[{"embeddable":true,"href":"https:\/\/tischlerei-weissleder.de\/index.php\/wp-json\/wp\/v2\/users\/1"}],"replies":[{"embeddable":true,"href":"https:\/\/tischlerei-weissleder.de\/index.php\/wp-json\/wp\/v2\/comments?post=120"}],"version-history":[{"count":26,"href":"https:\/\/tischlerei-weissleder.de\/index.php\/wp-json\/wp\/v2\/pages\/120\/revisions"}],"predecessor-version":[{"id":444,"href":"https:\/\/tischlerei-weissleder.de\/index.php\/wp-json\/wp\/v2\/pages\/120\/revisions\/444"}],"wp:attachment":[{"href":"https:\/\/tischlerei-weissleder.de\/index.php\/wp-json\/wp\/v2\/media?parent=120"}],"curies":[{"name":"wp","href":"https:\/\/api.w.org\/{rel}","templated":true}]}}